{"id":127,"date":"2016-01-27T10:56:48","date_gmt":"2016-01-27T10:56:48","guid":{"rendered":"https:\/\/gardabon.is\/heim\/"},"modified":"2025-05-20T16:53:26","modified_gmt":"2025-05-20T16:53:26","slug":"home","status":"publish","type":"page","link":"https:\/\/gardabon.is\/is\/","title":{"rendered":"Home"},"content":{"rendered":"<div class=\"wpb-content-wrapper\"><p>[vc_row][vc_column][rev_slider_vc alias=&#8221;service-home-slider-1&#8243;][\/vc_column][\/vc_row][vc_row el_id=&#8221;advantages&#8221;][vc_column][vc_row_inner css=&#8221;.vc_custom_1453099089471{padding-top: 99px !important;padding-bottom: 22px !important;}&#8221;][vc_column_inner offset=&#8221;vc_col-lg-4 vc_col-md-4 vc_col-xs-12&#8243;][stm_service_icon_box icon=&#8221;stm-service-icon-calendar_service&#8221; title=&#8221;Online Appointment&#8221;]<span class=\"_fadeIn_m1hgl_8\">Schedule <\/span><span class=\"_fadeIn_m1hgl_8\">your <\/span><span class=\"_fadeIn_m1hgl_8\">car <\/span><span class=\"_fadeIn_m1hgl_8\">wash <\/span><span class=\"_fadeIn_m1hgl_8\">or <\/span><span class=\"_fadeIn_m1hgl_8\">detailing <\/span><span class=\"_fadeIn_m1hgl_8\">quickly <\/span><span class=\"_fadeIn_m1hgl_8\">online. <\/span><span class=\"_fadeIn_m1hgl_8\">Pick <\/span><span class=\"_fadeIn_m1hgl_8\">your <\/span><span class=\"_fadeIn_m1hgl_8\">service, <\/span><span class=\"_fadeIn_m1hgl_8\">select <\/span><span class=\"_fadeIn_m1hgl_8\">your <\/span><span class=\"_fadeIn_m1hgl_8\">preferred <\/span><span class=\"_fadeIn_m1hgl_8\">time, <\/span><span class=\"_fadeIn_m1hgl_8\">and <\/span><span class=\"_fadeIn_m1hgl_8\">let <\/span><span class=\"_fadeIn_m1hgl_8\">us <\/span><span class=\"_fadeIn_m1hgl_8\">handle <\/span><span class=\"_fadeIn_m1hgl_8\">the <\/span><span class=\"_fadeIn_m1hgl_8\">rest!<\/span><\/p>\n<p><a href=\"\/#appointment-form\">BOOK NOW<\/a>[\/stm_service_icon_box][stm_service_icon_box icon=&#8221;stm-service-icon-cash_dollar&#8221; title=&#8221;Competitive Pricing&#8221; icon_size=&#8221;47&#8243;]<span class=\"_fadeIn_m1hgl_8\">Top-<\/span><span class=\"_fadeIn_m1hgl_8\">quality <\/span><span class=\"_fadeIn_m1hgl_8\">car <\/span><span class=\"_fadeIn_m1hgl_8\">wash <\/span><span class=\"_fadeIn_m1hgl_8\">and <\/span><span class=\"_fadeIn_m1hgl_8\">detailing <\/span><span class=\"_fadeIn_m1hgl_8\">at <\/span><span class=\"_fadeIn_m1hgl_8\">clear, <\/span><span class=\"_fadeIn_m1hgl_8\">affordable <\/span><span class=\"_fadeIn_m1hgl_8\">prices\u2014<\/span><span class=\"_fadeIn_m1hgl_8\">your <\/span><span class=\"_fadeIn_m1hgl_8\">car <\/span><span class=\"_fadeIn_m1hgl_8\">will <\/span><span class=\"_fadeIn_m1hgl_8\">thank <\/span><span class=\"_fadeIn_m1hgl_8\">you!<\/span>[\/stm_service_icon_box][\/vc_column_inner][vc_column_inner offset=&#8221;vc_col-lg-4 vc_col-md-4 vc_col-xs-12&#8243;][stm_service_icon_box icon=&#8221;stm-icon-car&#8221; title=&#8221;Professional Deep Cleaning&#8221; icon_size=&#8221;43&#8243;]<span class=\"_fadeIn_m1hgl_8\">We <\/span><span class=\"_fadeIn_m1hgl_8\">offer <\/span><span class=\"_fadeIn_m1hgl_8\">professional <\/span><span class=\"_fadeIn_m1hgl_8\">interior <\/span><span class=\"_fadeIn_m1hgl_8\">deep <\/span><span class=\"_fadeIn_m1hgl_8\">cleaning, <\/span><span class=\"_fadeIn_m1hgl_8\">engine <\/span><span class=\"_fadeIn_m1hgl_8\">bay <\/span><span class=\"_fadeIn_m1hgl_8\">detailing, <\/span><span class=\"_fadeIn_m1hgl_8\">seat <\/span><span class=\"_fadeIn_m1hgl_8\">and <\/span><span class=\"_fadeIn_m1hgl_8\">floor <\/span><span class=\"_fadeIn_m1hgl_8\">treatments, <\/span><span class=\"_fadeIn_m1hgl_8\">and <\/span><span class=\"_fadeIn_m1hgl_8\">more\u2014<\/span><span class=\"_fadeIn_m1hgl_8\">refresh <\/span><span class=\"_fadeIn_m1hgl_8\">your <\/span><span class=\"_fadeIn_m1hgl_8\">car <\/span><span class=\"_fadeIn_m1hgl_8\">completely.<\/span>[\/stm_service_icon_box][stm_service_icon_box icon=&#8221;stm-service-icon-like_it&#8221; title=&#8221;Premium Wax &amp; Ceramic Coating&#8221; icon_size=&#8221;43&#8243;]<span class=\"_fadeIn_m1hgl_8\">Protect <\/span><span class=\"_fadeIn_m1hgl_8\">your <\/span><span class=\"_fadeIn_m1hgl_8\">vehicle <\/span><span class=\"_fadeIn_m1hgl_8\">with <\/span><span class=\"_fadeIn_m1hgl_8\">our <\/span><span class=\"_fadeIn_m1hgl_8\">high-<\/span><span class=\"_fadeIn_m1hgl_8\">quality <\/span><span class=\"_fadeIn_m1hgl_8\">wax <\/span><span class=\"_fadeIn_m1hgl_8\">and <\/span><span class=\"_fadeIn_m1hgl_8\">ceramic <\/span><span class=\"_fadeIn_m1hgl_8\">coating <\/span><span class=\"_fadeIn_m1hgl_8\">services\u2014<\/span><span class=\"_fadeIn_m1hgl_8\">long-<\/span><span class=\"_fadeIn_m1hgl_8\">lasting <\/span><span class=\"_fadeIn_m1hgl_8\">shine <\/span><span class=\"_fadeIn_m1hgl_8\">guaranteed!<\/span>[\/stm_service_icon_box][\/vc_column_inner][vc_column_inner offset=&#8221;vc_col-lg-4 vc_col-md-4 vc_col-xs-12&#8243;][stm_service_icon_box icon=&#8221;stm-service-icon-award_blank&#8221; title=&#8221;Top-Rated Car Wash&#8221; icon_size=&#8221;45&#8243;]<span class=\"_fadeIn_m1hgl_8\">Highly <\/span><span class=\"_fadeIn_m1hgl_8\">rated <\/span><span class=\"_fadeIn_m1hgl_8\">and <\/span><span class=\"_fadeIn_m1hgl_8\">trusted <\/span><span class=\"_fadeIn_m1hgl_8\">by <\/span><span class=\"_fadeIn_m1hgl_8\">our <\/span><span class=\"_fadeIn_m1hgl_8\">customers <\/span><span class=\"_fadeIn_m1hgl_8\">for <\/span><span class=\"_fadeIn_m1hgl_8\">meticulous <\/span><span class=\"_fadeIn_m1hgl_8\">care <\/span><span class=\"_fadeIn_m1hgl_8\">and <\/span><span class=\"_fadeIn_m1hgl_8\">attention <\/span><span class=\"_fadeIn_m1hgl_8\">to <\/span><span class=\"_fadeIn_m1hgl_8\">detail <\/span><span class=\"_fadeIn_m1hgl_8\">with <\/span><span class=\"_fadeIn_m1hgl_8\">every <\/span><span class=\"_fadeIn_m1hgl_8\">wash.<\/span>[\/stm_service_icon_box][stm_service_icon_box icon=&#8221;stm-service-icon-shield_check&#8221; title=&#8221;Experienced Detailing Specialists&#8221; icon_size=&#8221;48&#8243;]<span class=\"_fadeIn_m1hgl_8\">Our <\/span><span class=\"_fadeIn_m1hgl_8\">expert <\/span><span class=\"_fadeIn_m1hgl_8\">team <\/span><span class=\"_fadeIn_m1hgl_8\">provides <\/span><span class=\"_fadeIn_m1hgl_8\">thorough, <\/span><span class=\"_fadeIn_m1hgl_8\">detailed <\/span><span class=\"_fadeIn_m1hgl_8\">care <\/span><span class=\"_fadeIn_m1hgl_8\">to <\/span><span class=\"_fadeIn_m1hgl_8\">ensure <\/span><span class=\"_fadeIn_m1hgl_8\">your <\/span><span class=\"_fadeIn_m1hgl_8\">car <\/span><span class=\"_fadeIn_m1hgl_8\">looks <\/span><span class=\"_fadeIn_m1hgl_8\">its <\/span><span class=\"_fadeIn_m1hgl_8\">absolute <\/span><span class=\"_fadeIn_m1hgl_8\">best.<\/span>[\/stm_service_icon_box][\/vc_column_inner][\/vc_row_inner][\/vc_column][\/vc_row][vc_row full_width=&#8221;stretch_row&#8221; css=&#8221;.vc_custom_1453894345516{padding-top: 52px !important;padding-bottom: 72px !important;background-color: #232628 !important;background-position: 0 0 !important;background-repeat: repeat !important;}&#8221;][vc_column][vc_custom_heading text=&#8221;Complete Car Cleaning &amp; Protection&#8221; font_container=&#8221;tag:p|font_size:36|text_align:left|color:%23FFFFFF&#8221; use_theme_fonts=&#8221;yes&#8221; css=&#8221;&#8221; el_class=&#8221;ultra-bold&#8221;][\/vc_column][\/vc_row][vc_row css=&#8221;.vc_custom_1747759096294{margin-top: -44px !important;margin-bottom: 34px !important;}&#8221; el_id=&#8221;services&#8221;][vc_column el_id=&#8221;services&#8221;][vc_tta_tabs][vc_tta_section title=&#8221;Services&#8221; tab_id=&#8221;1747282914832-23e910cf-d20c&#8221;][vc_row_inner][vc_column_inner offset=&#8221;vc_col-lg-4 vc_col-md-4 vc_col-xs-12&#8243;][stm_service_info_box price_background_color=&#8221;#a677e0&#8243; title=&#8221;Exterior &amp; Interior Cleaning&#8221; price_label=&#8221;from&#8221; price_value=&#8221;13.990&#8243;]<\/p>\n<ul>\n<li data-start=\"293\" data-end=\"309\"><span class=\"_fadeIn_m1hgl_8\">Full <\/span><span class=\"_fadeIn_m1hgl_8\">Body <\/span><span class=\"_fadeIn_m1hgl_8\">Wash<\/span><\/li>\n<li data-start=\"312\" data-end=\"344\"><span class=\"_fadeIn_m1hgl_8\">Vacuuming &amp; <\/span><span class=\"_fadeIn_m1hgl_8\">Interior <\/span><span class=\"_fadeIn_m1hgl_8\">Wipe <\/span><span class=\"_fadeIn_m1hgl_8\">Down<\/span><\/li>\n<li data-start=\"347\" data-end=\"366\"><span class=\"_fadeIn_m1hgl_8\">Windows &amp; <\/span><span class=\"_fadeIn_m1hgl_8\">Mirrors<\/span><\/li>\n<li data-start=\"369\" data-end=\"398\"><span class=\"_fadeIn_m1hgl_8\">Tire <\/span><span class=\"_fadeIn_m1hgl_8\">Shine &amp; <\/span><span class=\"_fadeIn_m1hgl_8\">Wheel <\/span><span class=\"_fadeIn_m1hgl_8\">Cleaning<\/span><\/li>\n<\/ul>\n<p>[\/stm_service_info_box][\/vc_column_inner][vc_column_inner offset=&#8221;vc_col-lg-4 vc_col-md-4 vc_col-xs-12&#8243;][stm_service_info_box price_background_color=&#8221;#ec7424&#8243; title=&#8221;Deep Cleaning Treatments&#8221; price_label=&#8221;from&#8221; price_value=&#8221;3.990&#8243;]<\/p>\n<ul>\n<li data-start=\"462\" data-end=\"487\"><span class=\"_fadeIn_m1hgl_8\">Engine <\/span><span class=\"_fadeIn_m1hgl_8\">Bay <\/span><span class=\"_fadeIn_m1hgl_8\">Cleaning<\/span><\/li>\n<li data-start=\"490\" data-end=\"511\"><span class=\"_fadeIn_m1hgl_8\">Seat <\/span><span class=\"_fadeIn_m1hgl_8\">Deep <\/span><span class=\"_fadeIn_m1hgl_8\">Clean<\/span><\/li>\n<li data-start=\"514\" data-end=\"545\"><span class=\"_fadeIn_m1hgl_8\">Floor &amp; <\/span><span class=\"_fadeIn_m1hgl_8\">Carpet <\/span><span class=\"_fadeIn_m1hgl_8\">Shampooing<\/span><\/li>\n<\/ul>\n<p>[\/stm_service_info_box][\/vc_column_inner][vc_column_inner offset=&#8221;vc_col-lg-4 vc_col-md-4 vc_col-xs-12&#8243;][stm_service_info_box title_color=&#8221;#ffffff&#8221; price_color=&#8221;#232628&#8243; price_background_color=&#8221;#ecbf24&#8243; content_color=&#8221;#ffffff&#8221; image=&#8221;55&#8243; title=&#8221;Paint Care &amp; Protection&#8221; price_label=&#8221;from&#8221; price_value=&#8221;40.000&#8243;]<\/p>\n<ul>\n<li data-start=\"609\" data-end=\"628\"><span class=\"_fadeIn_m1hgl_8\">Machine <\/span><span class=\"_fadeIn_m1hgl_8\">Polishing<\/span><\/li>\n<li data-start=\"631\" data-end=\"648\"><span class=\"_fadeIn_m1hgl_8\">Ceramic <\/span><span class=\"_fadeIn_m1hgl_8\">Coating<\/span><\/li>\n<li data-start=\"651\" data-end=\"670\"><span class=\"_fadeIn_m1hgl_8\">Paint <\/span><span class=\"_fadeIn_m1hgl_8\">Restoration<\/span><\/li>\n<\/ul>\n<p>[\/stm_service_info_box][\/vc_column_inner][\/vc_row_inner][\/vc_tta_section][\/vc_tta_tabs][\/vc_column][\/vc_row][vc_row stm_fullwidth=&#8221;yes&#8221; css=&#8221;.vc_custom_1453894078742{padding-top: 65px !important;padding-bottom: 32px !important;background-image: url(https:\/\/gardabon.is\/wp-content\/uploads\/2015\/12\/placeholder.gif?id=13) !important;}&#8221; el_class=&#8221;stm-service-bookly-form&#8221; el_id=&#8221;appointment-form&#8221;][vc_column][vc_custom_heading text=&#8221;Let\u2019s Get You Booked&#8221; font_container=&#8221;tag:h2|text_align:left|color:%23ffffff&#8221; use_theme_fonts=&#8221;yes&#8221; css=&#8221;.vc_custom_1747759168055{margin-bottom: 64px !important;}&#8221; el_class=&#8221;ultra-bold&#8221; el_id=&#8221;book-now&#8221;][vc_wp_text]<iframe loading=\"lazy\" style=\"height: 80vh;\" src=\"https:\/\/noona.app\/\/bonstodgardabaejar\/book?iframe=true&amp;showCancelButton=true\" width=\"100%\" height=\"800\" frameborder=\"0\"><\/iframe>[\/vc_wp_text][\/vc_column][\/vc_row][vc_row full_width=&#8221;stretch_row_content_no_spaces&#8221; equal_height=&#8221;yes&#8221; el_class=&#8221;stm-fullwidth-row-no-paddings&#8221; el_id=&#8221;history&#8221;][vc_column css=&#8221;.vc_custom_1453098353185{background-color: #ecbf24 !important;}&#8221; offset=&#8221;vc_col-lg-6 vc_col-md-6&#8243;][vc_row_inner][vc_column_inner width=&#8221;2\/3&#8243;][vc_column_text css=&#8221;&#8221;]<\/p>\n<h2 class=\"ultra-bold\" style=\"margin-bottom: 25px; line-height: 36px;\"><span style=\"color: #ffffff;\">Gar\u00f0ab\u00e6r\u2019s Go-To<\/span><br \/>\nCar Wash &amp; Detailing Station<\/h2>\n<p>[\/vc_column_text][\/vc_column_inner][vc_column_inner width=&#8221;1\/3&#8243; css=&#8221;.vc_custom_1453110131182{margin-bottom: 38px !important;}&#8221; offset=&#8221;vc_hidden-xs&#8221;][vc_single_image image=&#8221;64&#8243; img_size=&#8221;medium&#8221; alignment=&#8221;right&#8221; onclick=&#8221;link_image&#8221; css=&#8221;&#8221;][\/vc_column_inner][\/vc_row_inner][vc_row_inner][vc_column_inner width=&#8221;1\/2&#8243; css=&#8221;.vc_custom_1452687011833{margin-bottom: 20px !important;}&#8221;][vc_column_text css=&#8221;&#8221;]<\/p>\n<p data-start=\"176\" data-end=\"208\"><strong data-start=\"176\" data-end=\"206\"><span class=\"_fadeIn_m1hgl_8\">Your <\/span><span class=\"_fadeIn_m1hgl_8\">Car <\/span><span class=\"_fadeIn_m1hgl_8\">Deserves <\/span><span class=\"_fadeIn_m1hgl_8\">the <\/span><span class=\"_fadeIn_m1hgl_8\">Best<\/span><\/strong><\/p>\n<p data-start=\"210\" data-end=\"359\"><span class=\"_fadeIn_m1hgl_8\">Tired <\/span><span class=\"_fadeIn_m1hgl_8\">of <\/span><span class=\"_fadeIn_m1hgl_8\">rushed <\/span><span class=\"_fadeIn_m1hgl_8\">car <\/span><span class=\"_fadeIn_m1hgl_8\">washes <\/span><span class=\"_fadeIn_m1hgl_8\">that <\/span><span class=\"_fadeIn_m1hgl_8\">barely <\/span><span class=\"_fadeIn_m1hgl_8\">scratch <\/span><span class=\"_fadeIn_m1hgl_8\">the <\/span><span class=\"_fadeIn_m1hgl_8\">surface? <\/span><span class=\"_fadeIn_m1hgl_8\">Looking <\/span><span class=\"_fadeIn_m1hgl_8\">for <\/span><span class=\"_fadeIn_m1hgl_8\">a <\/span><span class=\"_fadeIn_m1hgl_8\">place <\/span><span class=\"_fadeIn_m1hgl_8\">that <\/span><span class=\"_fadeIn_m1hgl_8\">treats <\/span><span class=\"_fadeIn_m1hgl_8\">your <\/span><span class=\"_fadeIn_m1hgl_8\">vehicle <\/span><span class=\"_fadeIn_m1hgl_8\">with <\/span><span class=\"_fadeIn_m1hgl_8\">real <\/span><span class=\"_fadeIn_m1hgl_8\">care <\/span><span class=\"_fadeIn_m1hgl_8\">and <\/span><span class=\"_fadeIn_m1hgl_8\">delivers <\/span><span class=\"_fadeIn_m1hgl_8\">lasting <\/span><span class=\"_fadeIn_m1hgl_8\">results?<\/span><\/p>\n<p data-start=\"361\" data-end=\"603\"><span class=\"_fadeIn_m1hgl_8\">At <\/span><strong data-start=\"364\" data-end=\"386\"><span class=\"_fadeIn_m1hgl_8\">B\u00f3nst\u00f6\u00f0 <\/span><span class=\"_fadeIn_m1hgl_8\">Gar\u00f0ab\u00e6jar<\/span><\/strong><span class=\"_fadeIn_m1hgl_8\">, <\/span><span class=\"_fadeIn_m1hgl_8\">we <\/span><span class=\"_fadeIn_m1hgl_8\">do <\/span><span class=\"_fadeIn_m1hgl_8\">more <\/span><span class=\"_fadeIn_m1hgl_8\">than <\/span><span class=\"_fadeIn_m1hgl_8\">just <\/span><span class=\"_fadeIn_m1hgl_8\">clean\u2014<\/span><span class=\"_fadeIn_m1hgl_8\">we <\/span><span class=\"_fadeIn_m1hgl_8\">restore <\/span><span class=\"_fadeIn_m1hgl_8\">your <\/span><span class=\"_fadeIn_m1hgl_8\">car\u2019s <\/span><span class=\"_fadeIn_m1hgl_8\">shine, <\/span><span class=\"_fadeIn_m1hgl_8\">refresh <\/span><span class=\"_fadeIn_m1hgl_8\">its <\/span><span class=\"_fadeIn_m1hgl_8\">interior, <\/span><span class=\"_fadeIn_m1hgl_8\">and <\/span><span class=\"_fadeIn_m1hgl_8\">bring <\/span><span class=\"_fadeIn_m1hgl_8\">back <\/span><span class=\"_fadeIn_m1hgl_8\">that <\/span><span class=\"_fadeIn_m1hgl_8\">like-<\/span><span class=\"_fadeIn_m1hgl_8\">new <\/span><span class=\"_fadeIn_m1hgl_8\">feeling. <\/span><span class=\"_fadeIn_m1hgl_8\">Whether <\/span><span class=\"_fadeIn_m1hgl_8\">it\u2019s <\/span><span class=\"_fadeIn_m1hgl_8\">a <\/span><span class=\"_fadeIn_m1hgl_8\">quick <\/span><span class=\"_fadeIn_m1hgl_8\">wash <\/span><span class=\"_fadeIn_m1hgl_8\">or <\/span><span class=\"_fadeIn_m1hgl_8\">a <\/span><span class=\"_fadeIn_m1hgl_8\">deep <\/span><span class=\"_fadeIn_m1hgl_8\">clean, <\/span><span class=\"_fadeIn_m1hgl_8\">we\u2019ve <\/span><span class=\"_fadeIn_m1hgl_8\">got <\/span><span class=\"_fadeIn_m1hgl_8\">the <\/span><span class=\"_fadeIn_m1hgl_8\">tools <\/span><span class=\"_fadeIn_m1hgl_8\">and <\/span><span class=\"_fadeIn_m1hgl_8\">experience <\/span><span class=\"_fadeIn_m1hgl_8\">to <\/span><span class=\"_fadeIn_m1hgl_8\">get <\/span><span class=\"_fadeIn_m1hgl_8\">it <\/span><span class=\"_fadeIn_m1hgl_8\">done <\/span><span class=\"_fadeIn_m1hgl_8\">right.<\/span><\/p>\n<p data-start=\"605\" data-end=\"658\"><span class=\"_fadeIn_m1hgl_8\">Enjoy <\/span><span class=\"_fadeIn_m1hgl_8\">easy, <\/span><span class=\"_fadeIn_m1hgl_8\">professional <\/span><span class=\"_fadeIn_m1hgl_8\">car <\/span><span class=\"_fadeIn_m1hgl_8\">care\u2014<\/span><span class=\"_fadeIn_m1hgl_8\">without <\/span><span class=\"_fadeIn_m1hgl_8\">the <\/span><span class=\"_fadeIn_m1hgl_8\">hassle.<\/span><\/p>\n<p><span style=\"display: block; margin-bottom: 23px; color: #191d21; line-height: 24px;\">\u00a0<\/span>[\/vc_column_text][\/vc_column_inner][vc_column_inner width=&#8221;1\/2&#8243;][vc_column_text css=&#8221;&#8221;]<span style=\"color: #191d21; line-height: 24px; margin-bottom: 23px; display: block;\"><br \/>\nEnjoy a spotless car without the stress. It&#8217;s as easy as one, two, clean!<br \/>\n<\/span><\/p>\n<ul class=\"stm-list-style-counter\">\n<li>\n<h4><a href=\"https:\/\/noona.is\/bonstodgardabaejar\/book?source=CompanyPageEmployees&amp;employeeId=BCK9bPFtfmHgKW6ti\" target=\"_blank\" rel=\"noopener\"><span style=\"color: #191d21;\">Book an Appointment<\/span><\/a><\/h4>\n<p><span style=\"color: #191d21;\">Choose your service and time with our simple online booking system.<\/span><\/li>\n<li>\n<h4><span style=\"color: #191d21;\">Let Us Do the Work<\/span><\/h4>\n<p><span style=\"color: #191d21;\">Bring your car in\u2014or relax while we restore its shine inside and out.<\/span><\/li>\n<li>\n<h4><span style=\"color: #191d21;\">Drive Away Fresh<\/span><\/h4>\n<p><span style=\"color: #191d21;\">Leave with a clean, refreshed car that feels like new again.<\/span><\/li>\n<\/ul>\n<p>[\/vc_column_text][\/vc_column_inner][\/vc_row_inner][\/vc_column][vc_column css=&#8221;.vc_custom_1747342924844{background-image: url(https:\/\/gardabon.is\/wp-content\/uploads\/2025\/05\/blue-car-wash-with-white-soap-foam-scaled.jpg?id=73) !important;background-position: center !important;background-repeat: no-repeat !important;background-size: cover !important;}&#8221; offset=&#8221;vc_col-lg-6 vc_col-md-6&#8243;][vc_custom_heading text=&#8221;Excellence in Car Care<br \/>\nSince 2018&#8243; font_container=&#8221;tag:h2|text_align:left|color:%23ffffff|line_height:36px&#8221; use_theme_fonts=&#8221;yes&#8221; css=&#8221;.vc_custom_1747277344514{margin-bottom: 80px !important;}&#8221; el_class=&#8221;ultra-bold sm-xs-text-center&#8221;][vc_row_inner css=&#8221;.vc_custom_1452689869068{margin-right: -15px !important;margin-left: -15px !important;}&#8221;][vc_column_inner width=&#8221;1\/3&#8243;][stm_stats_counter counter_value=&#8221;3500&#8243; append_plus=&#8221;yes&#8221; title=&#8221;Cars Cleaned&#8221;][\/vc_column_inner][vc_column_inner width=&#8221;1\/3&#8243;][stm_stats_counter counter_value=&#8221;98&#8243; title=&#8221;98% Customer Satisfaction Rate&#8221;][\/vc_column_inner][vc_column_inner width=&#8221;1\/3&#8243;][stm_stats_counter counter_value=&#8221;4.9&#8243; title=&#8221;4.9\u2605 Average Rating&#8221;][\/vc_column_inner][\/vc_row_inner][\/vc_column][\/vc_row][vc_row full_width=&#8221;stretch_row_content&#8221; css=&#8221;.vc_custom_1453894440464{margin-bottom: 0px !important;padding-top: 65px !important;padding-bottom: 55px !important;background-color: #232628 !important;background-position: 0 0 !important;background-repeat: repeat !important;}&#8221; el_id=&#8221;gallery&#8221;][vc_column][vc_custom_heading text=&#8221;Media Gallery&#8221; font_container=&#8221;tag:h2|font_size:40px|text_align:center|color:%23ffffff|line_height:40px&#8221; use_theme_fonts=&#8221;yes&#8221; css=&#8221;.vc_custom_1452930712400{margin-bottom: 45px !important;}&#8221; el_class=&#8221;ultra-bold&#8221;][stm_carousel fullwidth=&#8221;enable&#8221; image_size=&#8221;507&#215;337&#8243; slides_per_row=&#8221;5&#8243; images=&#8221;48,46,31,26,51&#8243;][\/vc_column][\/vc_row][vc_row css=&#8221;.vc_custom_1453119562113{padding-top: 47px !important;padding-bottom: 48px !important;}&#8221; el_id=&#8221;feedback&#8221;][vc_column width=&#8221;1\/2&#8243; css=&#8221;.vc_custom_1452756799159{margin-bottom: 30px !important;}&#8221;][vc_custom_heading text=&#8221;Trusted by the Community&#8221; font_container=&#8221;tag:h3|font_size:30px|text_align:left|line_height:30px&#8221; use_theme_fonts=&#8221;yes&#8221; css=&#8221;.vc_custom_1747277874058{margin-bottom: 36px !important;}&#8221; el_class=&#8221;ultra-bold&#8221;][stm_testimonials css=&#8221;.vc_custom_1452753181968{margin-bottom: 37px !important;}&#8221;][stm_testimonial image=&#8221;31&#8243; author=&#8221;Drifa Ulfarsd&#8221; author_car=&#8221;Tesla Model X&#8221;]Ma\u00f0urinn minn f\u00f3r me\u00f0 b\u00edlinn til \u00feeirra \u00ed g\u00e6r og kom me\u00f0 \u00fea\u00f0 sem virtist vera gl\u00e6n\u00fdr b\u00edll heim. \u00deetta ver\u00f0ur regluleg fer\u00f0 hj\u00e1 okkur enda \u00fev\u00edl\u00edkt flott hj\u00e1 \u00feeim. Brav\u00f3 og takk fyrir okkur.[\/stm_testimonial][stm_testimonial image=&#8221;65&#8243; author=&#8221;Ragnhei\u00f0ur H Kristj\u00e1nsd\u00f3ttir&#8221;]Hef fari\u00f0 me\u00f0 b\u00edlinn \u00e1 B\u00f3nst\u00f6\u00f0 Gar\u00f0ab\u00e6jar s\u00ed\u00f0an 2020 og er alltaf 100% \u00e1n\u00e6g\u00f0. M\u00e6li fullkomlega me\u00f0 \u00feeim![\/stm_testimonial][stm_testimonial image=&#8221;60&#8243; author=&#8221;Arnd\u00eds Einarsd\u00f3ttir&#8221;]Geggju\u00f0 \u00fej\u00f3nusta,m\u00e6li svo sannarlega me\u00f0,b\u00edllinn eins og n\u00fdr \ud83e\udd29\ud83e\udd29\ud83e\udd29\ud83e\udd29\ud83e\udd29 \u2026[\/stm_testimonial][\/stm_testimonials][\/vc_column][vc_column width=&#8221;1\/2&#8243;][vc_custom_heading text=&#8221;Help Us Improve&#8221; font_container=&#8221;tag:h3|font_size:30px|text_align:left|line_height:30px&#8221; use_theme_fonts=&#8221;yes&#8221; css=&#8221;.vc_custom_1747277897289{margin-bottom: 36px !important;}&#8221; el_class=&#8221;ultra-bold&#8221;][vc_row_inner css=&#8221;.vc_custom_1452762434929{background-position: center !important;background-repeat: no-repeat !important;background-size: cover !important;}&#8221;][vc_column_inner][stm_service_contact_form form=&#8221;9&#8243; image=&#8221;71&#8243;][\/vc_column_inner][\/vc_row_inner][\/vc_column][\/vc_row]<\/p>\n<\/div>","protected":false},"excerpt":{"rendered":"<p>[vc_row][vc_column][rev_slider_vc alias=&#8221;service-home-slider-1&#8243;][\/vc_column][\/vc_row][vc_row el_id=&#8221;advantages&#8221;][vc_column][vc_row_inner css=&#8221;.vc_custom_1453099089471{padding-top: 99px !important;padding-bottom: 22px !important;}&#8221;][vc_column_inner offset=&#8221;vc_col-lg-4 vc_col-md-4 vc_col-xs-12&#8243;][stm_service_icon_box icon=&#8221;stm-service-icon-calendar_service&#8221; title=&#8221;Online Appointment&#8221;]Schedule your car wash or detailing quickly online. Pick your service, select your preferred time, and let us handle the rest! BOOK NOW[\/stm_service_icon_box][stm_service_icon_box icon=&#8221;stm-service-icon-cash_dollar&#8221; title=&#8221;Competitive Pricing&#8221; icon_size=&#8221;47&#8243;]Top-quality car wash and detailing at clear, affordable prices\u2014your car will thank you![\/stm_service_icon_box][\/vc_column_inner][vc_column_inner offset=&#8221;vc_col-lg-4 vc_col-md-4 vc_col-xs-12&#8243;][stm_service_icon_box&#8230;<\/p>\n","protected":false},"author":1,"featured_media":0,"parent":0,"menu_order":0,"comment_status":"closed","ping_status":"closed","template":"home-service-layout.php","meta":{"pagelayer_contact_templates":[],"_pagelayer_content":"","footnotes":""},"class_list":["post-127","page","type-page","status-publish","hentry"],"_links":{"self":[{"href":"https:\/\/gardabon.is\/is\/wp-json\/wp\/v2\/pages\/127","targetHints":{"allow":["GET"]}}],"collection":[{"href":"https:\/\/gardabon.is\/is\/wp-json\/wp\/v2\/pages"}],"about":[{"href":"https:\/\/gardabon.is\/is\/wp-json\/wp\/v2\/types\/page"}],"author":[{"embeddable":true,"href":"https:\/\/gardabon.is\/is\/wp-json\/wp\/v2\/users\/1"}],"replies":[{"embeddable":true,"href":"https:\/\/gardabon.is\/is\/wp-json\/wp\/v2\/comments?post=127"}],"version-history":[{"count":9,"href":"https:\/\/gardabon.is\/is\/wp-json\/wp\/v2\/pages\/127\/revisions"}],"predecessor-version":[{"id":145,"href":"https:\/\/gardabon.is\/is\/wp-json\/wp\/v2\/pages\/127\/revisions\/145"}],"wp:attachment":[{"href":"https:\/\/gardabon.is\/is\/wp-json\/wp\/v2\/media?parent=127"}],"curies":[{"name":"wp","href":"https:\/\/api.w.org\/{rel}","templated":true}]}}